{"id":107,"date":"2026-01-10T22:09:32","date_gmt":"2026-01-10T21:09:32","guid":{"rendered":"http:\/\/localhost:8888\/Site-Coque-Atelier\/?page_id=107"},"modified":"2026-02-23T08:49:27","modified_gmt":"2026-02-23T07:49:27","slug":"contact","status":"publish","type":"page","link":"https:\/\/coque-atelier.fr\/index.php\/contact\/","title":{"rendered":"Contact"},"content":{"rendered":"\n<div class=\"wp-block-uagb-container uagb-block-dd6c7e28 alignfull uagb-is-root-container\"><div class=\"uagb-container-inner-blocks-wrap\">\n<div class=\"wp-block-uagb-advanced-heading uagb-block-ad5e5c26\"><h2 class=\"uagb-heading-text\">CONTACTEZ-NOUS <\/h2><\/div>\n\n\n\n<p>Une question ? Envoyez-nous un message, nous vous r\u00e9pondrons rapidement. <\/p>\n<\/div><\/div>\n\n\n\n<div class=\"wp-block-uagb-container uagb-block-79588d00 alignfull uagb-is-root-container\"><div class=\"uagb-container-inner-blocks-wrap\">\n<div class=\"wp-block-uagb-container uagb-block-6371be7d\">\n<div class=\"wp-block-uagb-forms uagb-forms__outer-wrap uagb-block-c0a31b52 uagb-forms__medium-btn\"><form class=\"uagb-forms-main-form\" method=\"post\" autocomplete=\"on\" name=\"uagb-form-c0a31b52\">\n<div class=\"wp-block-uagb-forms-name uagb-forms-name-wrap uagb-forms-field-set uagb-block-afedae42\"><div class=\"uagb-forms-name-label required uagb-forms-input-label\" id=\"afedae42\">Prenom<\/div><input type=\"text\" placeholder=\"John\" required class=\"uagb-forms-name-input uagb-forms-input\" name=\"afedae42\" autocomplete=\"given-name\"\/><\/div>\n\n\n\n<div class=\"wp-block-uagb-forms-name uagb-forms-name-wrap uagb-forms-field-set uagb-block-9e760333\"><div class=\"uagb-forms-name-label required uagb-forms-input-label\" id=\"9e760333\">Nom<\/div><input type=\"text\" placeholder=\"Doe\" required class=\"uagb-forms-name-input uagb-forms-input\" name=\"9e760333\" autocomplete=\"family-name\"\/><\/div>\n\n\n\n<div class=\"wp-block-uagb-forms-email uagb-forms-email-wrap uagb-forms-field-set uagb-block-c466ea87\"><div class=\"uagb-forms-email-label  uagb-forms-input-label\" id=\"c466ea87\">Email<\/div><input type=\"email\" class=\"uagb-forms-email-input uagb-forms-input\" placeholder=\"example@mail.com\" name=\"c466ea87\" autocomplete=\"email\"\/><\/div>\n\n\n\n<div class=\"wp-block-uagb-forms-checkbox uagb-forms-checkbox-wrap uagb-forms-field-set uagb-block-11942c8f\"><div class=\"uagb-forms-checkbox-label required uagb-forms-input-label\" id=\"11942c8f\">J\u2019accepte que mes donn\u00e9es soient utilis\u00e9es conform\u00e9ment \u00e0 la\u00a0<a href=\"https:\/\/coque-atelier.fr\/index.php\/politique-de-confidentialite\/\">Politique de Confidentialit\u00e9<\/a><\/div><input type=\"checkbox\" class=\"uagb-forms-checkbox\" id=\"checkbox--11942c8f\" name=\"J\u2019accepte que mes donn\u00e9es soient utilis\u00e9es conform\u00e9ment \u00e0 la\u00a0<a href=&quot;https:\/\/coque-atelier.fr\/index.php\/politique-de-confidentialite\/&quot;&gt;Politique de Confidentialit\u00e9<\/a&gt;[]\" value=\"\" required\/><label for=\"checkbox--11942c8f\">Oui<\/label><br\/><\/div>\n\n\n\n<div class=\"wp-block-uagb-forms-textarea uagb-forms-textarea-wrap uagb-forms-field-set uagb-block-0b31f991\"><div class=\"uagb-forms-textarea-label required uagb-forms-input-label\" id=\"0b31f991\">Message<\/div><textarea required class=\"uagb-forms-textarea-input uagb-forms-input\" rows=\"4\" placeholder=\"Enter your message\" name=\"0b31f991\" autocomplete=\"off\"><\/textarea><\/div>\n<div class=\"uagb-forms-form-hidden-data\"><input type=\"hidden\" class=\"uagb_forms_form_label\" value=\"Spectra Form\"\/><input type=\"hidden\" class=\"uagb_forms_form_id\" value=\"uagb-form-c0a31b52\"\/><\/div><div class=\"uagb-form-reacaptcha-error-c0a31b52\"><\/div><div class=\"uagb-forms-main-submit-button-wrap wp-block-button\"><button class=\"uagb-forms-main-submit-button wp-block-button__link\"><div class=\"uagb-forms-main-submit-button-text\">Envoyer<\/div><\/button><\/div><\/form><div class=\"uagb-forms-success-message-c0a31b52 uagb-forms-submit-message-hide\"><span>The form has been submitted successfully!<\/span><\/div><div class=\"uagb-forms-failed-message-c0a31b52 uagb-forms-submit-message-hide\"><span>There has been some error while submitting the form. Please verify all form fields again.<\/span><\/div><\/div>\n<\/div>\n\n\n\n<div class=\"wp-block-uagb-container uagb-block-5bdf0144\">\t\t\t\t<div class = \"wp-block-uagb-lottie\">\n\t\t\t\t\t<div class = \"uagb-block-37438224 uagb-lottie__outer-wrap uagb-lottie__center    \" style=\"\">\n\t\t\t\t\t<\/div>\n\t\t\t\t<\/div>\n\t\t\t\n\n\t\t\t\t<div class = \"wp-block-uagb-lottie\">\n\t\t\t\t\t<div class = \"uagb-block-60f7cc20 uagb-lottie__outer-wrap uagb-lottie__center    \" style=\"\">\n\t\t\t\t\t<\/div>\n\t\t\t\t<\/div>\n\t\t\t<\/div>\n<\/div><\/div>\n\n\n\n<div class=\"wp-block-uagb-container uagb-block-23990368 alignfull uagb-is-root-container\"><div class=\"uagb-container-inner-blocks-wrap\">\n<div class=\"wp-block-uagb-container uagb-block-ad21a9cc\">      \n\t\t\t<div class=\"uagb-icon-wrapper uagb-block-19aa358f      \"\n\t\t\tstyle=\"\" >\n\t\t\t\t\t\t\t\t\t<span class=\"uagb-svg-wrapper\" \n\t\t\t\t\t aria-label=\"envelope\"\t\t\t\t\ttabindex=\"0\">\t\t\n\t\t\t\t\t\t\t\t\t\t<svg xmlns=\"https:\/\/www.w3.org\/2000\/svg\" viewBox= \"0 0 512 512\" role=\"graphics-symbol\" aria-hidden=\"false\" aria-label=\"\"><path d=\"M464 64C490.5 64 512 85.49 512 112C512 127.1 504.9 141.3 492.8 150.4L275.2 313.6C263.8 322.1 248.2 322.1 236.8 313.6L19.2 150.4C7.113 141.3 0 127.1 0 112C0 85.49 21.49 64 48 64H464zM217.6 339.2C240.4 356.3 271.6 356.3 294.4 339.2L512 176V384C512 419.3 483.3 448 448 448H64C28.65 448 0 419.3 0 384V176L217.6 339.2z\"><\/path><\/svg>\n\t\t\t\t\t\t\t\t\t<\/span>\n\t\t\t\t\t\t\t<\/div>\n\t\t\t\n\n\n<p class=\"has-text-align-center\">Email: contact@coqueatelier.fr<\/p>\n<\/div>\n\n\n\n<div class=\"wp-block-uagb-container uagb-block-24117868\">      \n\t\t\t<div class=\"uagb-icon-wrapper uagb-block-44998489      \"\n\t\t\tstyle=\"\" >\n\t\t\t\t\t\t\t\t\t<span class=\"uagb-svg-wrapper\" \n\t\t\t\t\t aria-label=\"phone\"\t\t\t\t\ttabindex=\"0\">\t\t\n\t\t\t\t\t\t\t\t\t\t<svg xmlns=\"https:\/\/www.w3.org\/2000\/svg\" viewBox= \"0 0 512 512\" role=\"graphics-symbol\" aria-hidden=\"false\" aria-label=\"\"><path d=\"M511.2 387l-23.25 100.8c-3.266 14.25-15.79 24.22-30.46 24.22C205.2 512 0 306.8 0 54.5c0-14.66 9.969-27.2 24.22-30.45l100.8-23.25C139.7-2.602 154.7 5.018 160.8 18.92l46.52 108.5c5.438 12.78 1.77 27.67-8.98 36.45L144.5 207.1c33.98 69.22 90.26 125.5 159.5 159.5l44.08-53.8c8.688-10.78 23.69-14.51 36.47-8.975l108.5 46.51C506.1 357.2 514.6 372.4 511.2 387z\"><\/path><\/svg>\n\t\t\t\t\t\t\t\t\t<\/span>\n\t\t\t\t\t\t\t<\/div>\n\t\t\t\n\n\n<p class=\"has-text-align-center\">Telephone: 01.23.34.56.78<\/p>\n<\/div>\n\n\n\n<div class=\"wp-block-uagb-container uagb-block-f52d183d\">      \n\t\t\t<div class=\"uagb-icon-wrapper uagb-block-0d2c0a00      \"\n\t\t\tstyle=\"\" >\n\t\t\t\t\t\t\t\t\t<span class=\"uagb-svg-wrapper\" \n\t\t\t\t\t aria-label=\"map-location\"\t\t\t\t\ttabindex=\"0\">\t\t\n\t\t\t\t\t\t\t\t\t\t<svg xmlns=\"https:\/\/www.w3.org\/2000\/svg\" viewBox= \"0 0 576 512\" role=\"graphics-symbol\" aria-hidden=\"false\" aria-label=\"\"><path d=\"M273.2 311.1C241.1 271.9 167.1 174.6 167.1 120C167.1 53.73 221.7 0 287.1 0C354.3 0 408 53.73 408 120C408 174.6 334.9 271.9 302.8 311.1C295.1 321.6 280.9 321.6 273.2 311.1V311.1zM416 503V200.4C419.5 193.5 422.7 186.7 425.6 179.8C426.1 178.6 426.6 177.4 427.1 176.1L543.1 129.7C558.9 123.4 576 135 576 152V422.8C576 432.6 570 441.4 560.9 445.1L416 503zM15.09 187.3L137.6 138.3C140 152.5 144.9 166.6 150.4 179.8C153.3 186.7 156.5 193.5 160 200.4V451.8L32.91 502.7C17.15 508.1 0 497.4 0 480.4V209.6C0 199.8 5.975 190.1 15.09 187.3H15.09zM384 504.3L191.1 449.4V255C212.5 286.3 234.3 314.6 248.2 331.1C268.7 357.6 307.3 357.6 327.8 331.1C341.7 314.6 363.5 286.3 384 255L384 504.3z\"><\/path><\/svg>\n\t\t\t\t\t\t\t\t\t<\/span>\n\t\t\t\t\t\t\t<\/div>\n\t\t\t\n\n\n<p class=\"has-text-align-center\">14 Avenue Gustave Eiffel, 78180 Montigny Le Bretonneux <\/p>\n<\/div>\n<\/div><\/div>\n\n\n\n<p><\/p>\n","protected":false},"excerpt":{"rendered":"<p>CONTACTEZ-NOUS Une question ? Envoyez-nous un message, nous vous r\u00e9pondrons rapidement. Email: contact@coqueatelier.fr Telephone: 01.23.34.56.78 14 Avenue Gustave Eiffel, 78180 [&hellip;]<\/p>\n","protected":false},"author":1,"featured_media":0,"parent":0,"menu_order":0,"comment_status":"closed","ping_status":"closed","template":"","meta":{"_acf_changed":false,"_uag_custom_page_level_css":"","site-sidebar-layout":"default","site-content-layout":"","ast-site-content-layout":"default","site-content-style":"default","site-sidebar-style":"default","ast-global-header-display":"","ast-banner-title-visibility":"","ast-main-header-display":"","ast-hfb-above-header-display":"","ast-hfb-below-header-display":"","ast-hfb-mobile-header-display":"","site-post-title":"disabled","ast-breadcrumbs-content":"","ast-featured-img":"","footer-sml-layout":"","ast-disable-related-posts":"","theme-transparent-header-meta":"","adv-header-id-meta":"","stick-header-meta":"","header-above-stick-meta":"","header-main-stick-meta":"","header-below-stick-meta":"","astra-migrate-meta-layouts":"default","ast-page-background-enabled":"default","ast-page-background-meta":{"desktop":{"background-color":"var(--ast-global-color-5)","background-image":"","background-repeat":"repeat","background-position":"center center","background-size":"auto","background-attachment":"scroll","background-type":"","background-media":"","overlay-type":"","overlay-color":"","overlay-opacity":"","overlay-gradient":""},"tablet":{"background-color":"","background-image":"","background-repeat":"repeat","background-position":"center center","background-size":"auto","background-attachment":"scroll","background-type":"","background-media":"","overlay-type":"","overlay-color":"","overlay-opacity":"","overlay-gradient":""},"mobile":{"background-color":"","background-image":"","background-repeat":"repeat","background-position":"center center","background-size":"auto","background-attachment":"scroll","background-type":"","background-media":"","overlay-type":"","overlay-color":"","overlay-opacity":"","overlay-gradient":""}},"ast-content-background-meta":{"desktop":{"background-color":"var(--ast-global-color-4)","background-image":"","background-repeat":"repeat","background-position":"center center","background-size":"auto","background-attachment":"scroll","background-type":"","background-media":"","overlay-type":"","overlay-color":"","overlay-opacity":"","overlay-gradient":""},"tablet":{"background-color":"var(--ast-global-color-4)","background-image":"","background-repeat":"repeat","background-position":"center center","background-size":"auto","background-attachment":"scroll","background-type":"","background-media":"","overlay-type":"","overlay-color":"","overlay-opacity":"","overlay-gradient":""},"mobile":{"background-color":"var(--ast-global-color-4)","background-image":"","background-repeat":"repeat","background-position":"center center","background-size":"auto","background-attachment":"scroll","background-type":"","background-media":"","overlay-type":"","overlay-color":"","overlay-opacity":"","overlay-gradient":""}},"footnotes":""},"class_list":["post-107","page","type-page","status-publish","hentry"],"acf":[],"yoast_head":"<!-- This site is optimized with the Yoast SEO plugin v27.0 - https:\/\/yoast.com\/product\/yoast-seo-wordpress\/ -->\n<title>Contact | Coque Atelier<\/title>\n<meta name=\"robots\" content=\"index, follow, max-snippet:-1, max-image-preview:large, max-video-preview:-1\" \/>\n<link rel=\"canonical\" href=\"https:\/\/coque-atelier.fr\/index.php\/contact\/\" \/>\n<meta property=\"og:locale\" content=\"fr_FR\" \/>\n<meta property=\"og:type\" content=\"article\" \/>\n<meta property=\"og:title\" content=\"Contact | Coque Atelier\" \/>\n<meta property=\"og:description\" content=\"CONTACTEZ-NOUS Une question ? Envoyez-nous un message, nous vous r\u00e9pondrons rapidement. Email: contact@coqueatelier.fr Telephone: 01.23.34.56.78 14 Avenue Gustave Eiffel, 78180 [&hellip;]\" \/>\n<meta property=\"og:url\" content=\"https:\/\/coque-atelier.fr\/index.php\/contact\/\" \/>\n<meta property=\"og:site_name\" content=\"Coque Atelier\" \/>\n<meta property=\"article:modified_time\" content=\"2026-02-23T07:49:27+00:00\" \/>\n<meta name=\"twitter:card\" content=\"summary_large_image\" \/>\n<meta name=\"twitter:label1\" content=\"Dur\u00e9e de lecture estim\u00e9e\" \/>\n\t<meta name=\"twitter:data1\" content=\"1 minute\" \/>\n<script type=\"application\/ld+json\" class=\"yoast-schema-graph\">{\"@context\":\"https:\/\/schema.org\",\"@graph\":[{\"@type\":\"WebPage\",\"@id\":\"https:\/\/coque-atelier.fr\/index.php\/contact\/\",\"url\":\"https:\/\/coque-atelier.fr\/index.php\/contact\/\",\"name\":\"Contact | Coque Atelier\",\"isPartOf\":{\"@id\":\"https:\/\/coque-atelier.fr\/#website\"},\"datePublished\":\"2026-01-10T21:09:32+00:00\",\"dateModified\":\"2026-02-23T07:49:27+00:00\",\"breadcrumb\":{\"@id\":\"https:\/\/coque-atelier.fr\/index.php\/contact\/#breadcrumb\"},\"inLanguage\":\"fr-FR\",\"potentialAction\":[{\"@type\":\"ReadAction\",\"target\":[\"https:\/\/coque-atelier.fr\/index.php\/contact\/\"]}]},{\"@type\":\"BreadcrumbList\",\"@id\":\"https:\/\/coque-atelier.fr\/index.php\/contact\/#breadcrumb\",\"itemListElement\":[{\"@type\":\"ListItem\",\"position\":1,\"name\":\"Accueil\",\"item\":\"https:\/\/coque-atelier.fr\/\"},{\"@type\":\"ListItem\",\"position\":2,\"name\":\"Contact\"}]},{\"@type\":\"WebSite\",\"@id\":\"https:\/\/coque-atelier.fr\/#website\",\"url\":\"https:\/\/coque-atelier.fr\/\",\"name\":\"Coque Atelier\",\"description\":\"\",\"publisher\":{\"@id\":\"https:\/\/coque-atelier.fr\/#organization\"},\"potentialAction\":[{\"@type\":\"SearchAction\",\"target\":{\"@type\":\"EntryPoint\",\"urlTemplate\":\"https:\/\/coque-atelier.fr\/?s={search_term_string}\"},\"query-input\":{\"@type\":\"PropertyValueSpecification\",\"valueRequired\":true,\"valueName\":\"search_term_string\"}}],\"inLanguage\":\"fr-FR\"},{\"@type\":\"Organization\",\"@id\":\"https:\/\/coque-atelier.fr\/#organization\",\"name\":\"Coque Atelier\",\"url\":\"https:\/\/coque-atelier.fr\/\",\"logo\":{\"@type\":\"ImageObject\",\"inLanguage\":\"fr-FR\",\"@id\":\"https:\/\/coque-atelier.fr\/#\/schema\/logo\/image\/\",\"url\":\"https:\/\/i0.wp.com\/coque-atelier.fr\/wp-content\/uploads\/2026\/01\/cropped-cropped-logo-CoqueAtelier.webp?fit=950%2C225&ssl=1\",\"contentUrl\":\"https:\/\/i0.wp.com\/coque-atelier.fr\/wp-content\/uploads\/2026\/01\/cropped-cropped-logo-CoqueAtelier.webp?fit=950%2C225&ssl=1\",\"width\":950,\"height\":225,\"caption\":\"Coque Atelier\"},\"image\":{\"@id\":\"https:\/\/coque-atelier.fr\/#\/schema\/logo\/image\/\"}}]}<\/script>\n<!-- \/ Yoast SEO plugin. -->","yoast_head_json":{"title":"Contact | Coque Atelier","robots":{"index":"index","follow":"follow","max-snippet":"max-snippet:-1","max-image-preview":"max-image-preview:large","max-video-preview":"max-video-preview:-1"},"canonical":"https:\/\/coque-atelier.fr\/index.php\/contact\/","og_locale":"fr_FR","og_type":"article","og_title":"Contact | Coque Atelier","og_description":"CONTACTEZ-NOUS Une question ? Envoyez-nous un message, nous vous r\u00e9pondrons rapidement. Email: contact@coqueatelier.fr Telephone: 01.23.34.56.78 14 Avenue Gustave Eiffel, 78180 [&hellip;]","og_url":"https:\/\/coque-atelier.fr\/index.php\/contact\/","og_site_name":"Coque Atelier","article_modified_time":"2026-02-23T07:49:27+00:00","twitter_card":"summary_large_image","twitter_misc":{"Dur\u00e9e de lecture estim\u00e9e":"1 minute"},"schema":{"@context":"https:\/\/schema.org","@graph":[{"@type":"WebPage","@id":"https:\/\/coque-atelier.fr\/index.php\/contact\/","url":"https:\/\/coque-atelier.fr\/index.php\/contact\/","name":"Contact | Coque Atelier","isPartOf":{"@id":"https:\/\/coque-atelier.fr\/#website"},"datePublished":"2026-01-10T21:09:32+00:00","dateModified":"2026-02-23T07:49:27+00:00","breadcrumb":{"@id":"https:\/\/coque-atelier.fr\/index.php\/contact\/#breadcrumb"},"inLanguage":"fr-FR","potentialAction":[{"@type":"ReadAction","target":["https:\/\/coque-atelier.fr\/index.php\/contact\/"]}]},{"@type":"BreadcrumbList","@id":"https:\/\/coque-atelier.fr\/index.php\/contact\/#breadcrumb","itemListElement":[{"@type":"ListItem","position":1,"name":"Accueil","item":"https:\/\/coque-atelier.fr\/"},{"@type":"ListItem","position":2,"name":"Contact"}]},{"@type":"WebSite","@id":"https:\/\/coque-atelier.fr\/#website","url":"https:\/\/coque-atelier.fr\/","name":"Coque Atelier","description":"","publisher":{"@id":"https:\/\/coque-atelier.fr\/#organization"},"potentialAction":[{"@type":"SearchAction","target":{"@type":"EntryPoint","urlTemplate":"https:\/\/coque-atelier.fr\/?s={search_term_string}"},"query-input":{"@type":"PropertyValueSpecification","valueRequired":true,"valueName":"search_term_string"}}],"inLanguage":"fr-FR"},{"@type":"Organization","@id":"https:\/\/coque-atelier.fr\/#organization","name":"Coque Atelier","url":"https:\/\/coque-atelier.fr\/","logo":{"@type":"ImageObject","inLanguage":"fr-FR","@id":"https:\/\/coque-atelier.fr\/#\/schema\/logo\/image\/","url":"https:\/\/i0.wp.com\/coque-atelier.fr\/wp-content\/uploads\/2026\/01\/cropped-cropped-logo-CoqueAtelier.webp?fit=950%2C225&ssl=1","contentUrl":"https:\/\/i0.wp.com\/coque-atelier.fr\/wp-content\/uploads\/2026\/01\/cropped-cropped-logo-CoqueAtelier.webp?fit=950%2C225&ssl=1","width":950,"height":225,"caption":"Coque Atelier"},"image":{"@id":"https:\/\/coque-atelier.fr\/#\/schema\/logo\/image\/"}}]}},"uagb_featured_image_src":{"full":false,"thumbnail":false,"medium":false,"medium_large":false,"large":false,"1536x1536":false,"2048x2048":false,"mailpoet_newsletter_max":false,"woocommerce_thumbnail":false,"woocommerce_single":false,"woocommerce_gallery_thumbnail":false},"uagb_author_info":{"display_name":"mrVcDtf78","author_link":"https:\/\/coque-atelier.fr\/index.php\/author\/mrvcdtf78\/"},"uagb_comment_info":0,"uagb_excerpt":"CONTACTEZ-NOUS Une question ? Envoyez-nous un message, nous vous r\u00e9pondrons rapidement. Email: contact@coqueatelier.fr Telephone: 01.23.34.56.78 14 Avenue Gustave Eiffel, 78180 [&hellip;]","jetpack_sharing_enabled":true,"_links":{"self":[{"href":"https:\/\/coque-atelier.fr\/index.php\/wp-json\/wp\/v2\/pages\/107","targetHints":{"allow":["GET"]}}],"collection":[{"href":"https:\/\/coque-atelier.fr\/index.php\/wp-json\/wp\/v2\/pages"}],"about":[{"href":"https:\/\/coque-atelier.fr\/index.php\/wp-json\/wp\/v2\/types\/page"}],"author":[{"embeddable":true,"href":"https:\/\/coque-atelier.fr\/index.php\/wp-json\/wp\/v2\/users\/1"}],"replies":[{"embeddable":true,"href":"https:\/\/coque-atelier.fr\/index.php\/wp-json\/wp\/v2\/comments?post=107"}],"version-history":[{"count":13,"href":"https:\/\/coque-atelier.fr\/index.php\/wp-json\/wp\/v2\/pages\/107\/revisions"}],"predecessor-version":[{"id":730,"href":"https:\/\/coque-atelier.fr\/index.php\/wp-json\/wp\/v2\/pages\/107\/revisions\/730"}],"wp:attachment":[{"href":"https:\/\/coque-atelier.fr\/index.php\/wp-json\/wp\/v2\/media?parent=107"}],"curies":[{"name":"wp","href":"https:\/\/api.w.org\/{rel}","templated":true}]}}