{"id":3,"date":"2025-12-29T21:30:19","date_gmt":"2025-12-29T20:30:19","guid":{"rendered":"http:\/\/localhost:8888\/Site-Coque-Atelier\/?page_id=3"},"modified":"2026-02-14T13:34:51","modified_gmt":"2026-02-14T12:34:51","slug":"politique-de-confidentialite","status":"publish","type":"page","link":"https:\/\/coque-atelier.fr\/index.php\/politique-de-confidentialite\/","title":{"rendered":"Politique de confidentialit\u00e9"},"content":{"rendered":"\n<p>Ce site est un site de d\u00e9monstration r\u00e9alis\u00e9 dans un cadre p\u00e9dagogique.<\/p>\n\n\n\n<p>Donn\u00e9es collect\u00e9es<br>Les donn\u00e9es collect\u00e9es via les formulaires (nom, email) sont utilis\u00e9es uniquement \u00e0 des fins de d\u00e9monstration.<\/p>\n\n\n\n<p>Cookies<br>Ce site peut utiliser des cookies techniques n\u00e9cessaires \u00e0 son bon fonctionnement.<\/p>\n\n\n\n<p>Aucune exploitation commerciale des donn\u00e9es n\u2019est r\u00e9alis\u00e9e.<\/p>\n\n\n\n<p>Droits des utilisateurs<br>Conform\u00e9ment au RGPD, vous pouvez demander la suppression de vos donn\u00e9es en contactant l\u2019\u00e9diteur du site.<br><\/p>\n\n\n\n<p><\/p>\n","protected":false},"excerpt":{"rendered":"<p>Ce site est un site de d\u00e9monstration r\u00e9alis\u00e9 dans un cadre p\u00e9dagogique. Donn\u00e9es collect\u00e9esLes donn\u00e9es collect\u00e9es via les formulaires (nom, [&hellip;]<\/p>\n","protected":false},"author":1,"featured_media":0,"parent":0,"menu_order":0,"comment_status":"closed","ping_status":"open","template":"","meta":{"_acf_changed":false,"_uag_custom_page_level_css":"","site-sidebar-layout":"default","site-content-layout":"","ast-site-content-layout":"default","site-content-style":"default","site-sidebar-style":"default","ast-global-header-display":"","ast-banner-title-visibility":"","ast-main-header-display":"","ast-hfb-above-header-display":"","ast-hfb-below-header-display":"","ast-hfb-mobile-header-display":"","site-post-title":"","ast-breadcrumbs-content":"","ast-featured-img":"","footer-sml-layout":"","ast-disable-related-posts":"","theme-transparent-header-meta":"","adv-header-id-meta":"","stick-header-meta":"","header-above-stick-meta":"","header-main-stick-meta":"","header-below-stick-meta":"","astra-migrate-meta-layouts":"default","ast-page-background-enabled":"default","ast-page-background-meta":{"desktop":{"background-color":"var(--ast-global-color-5)","background-image":"","background-repeat":"repeat","background-position":"center center","background-size":"auto","background-attachment":"scroll","background-type":"","background-media":"","overlay-type":"","overlay-color":"","overlay-opacity":"","overlay-gradient":""},"tablet":{"background-color":"","background-image":"","background-repeat":"repeat","background-position":"center center","background-size":"auto","background-attachment":"scroll","background-type":"","background-media":"","overlay-type":"","overlay-color":"","overlay-opacity":"","overlay-gradient":""},"mobile":{"background-color":"","background-image":"","background-repeat":"repeat","background-position":"center center","background-size":"auto","background-attachment":"scroll","background-type":"","background-media":"","overlay-type":"","overlay-color":"","overlay-opacity":"","overlay-gradient":""}},"ast-content-background-meta":{"desktop":{"background-color":"var(--ast-global-color-4)","background-image":"","background-repeat":"repeat","background-position":"center center","background-size":"auto","background-attachment":"scroll","background-type":"","background-media":"","overlay-type":"","overlay-color":"","overlay-opacity":"","overlay-gradient":""},"tablet":{"background-color":"var(--ast-global-color-4)","background-image":"","background-repeat":"repeat","background-position":"center center","background-size":"auto","background-attachment":"scroll","background-type":"","background-media":"","overlay-type":"","overlay-color":"","overlay-opacity":"","overlay-gradient":""},"mobile":{"background-color":"var(--ast-global-color-4)","background-image":"","background-repeat":"repeat","background-position":"center center","background-size":"auto","background-attachment":"scroll","background-type":"","background-media":"","overlay-type":"","overlay-color":"","overlay-opacity":"","overlay-gradient":""}},"footnotes":""},"class_list":["post-3","page","type-page","status-publish","hentry"],"acf":[],"yoast_head":"<!-- This site is optimized with the Yoast SEO plugin v27.0 - https:\/\/yoast.com\/product\/yoast-seo-wordpress\/ -->\n<title>Politique de confidentialit\u00e9 | Coque Atelier<\/title>\n<meta name=\"robots\" content=\"index, follow, max-snippet:-1, max-image-preview:large, max-video-preview:-1\" \/>\n<link rel=\"canonical\" href=\"https:\/\/coque-atelier.fr\/index.php\/politique-de-confidentialite\/\" \/>\n<meta property=\"og:locale\" content=\"fr_FR\" \/>\n<meta property=\"og:type\" content=\"article\" \/>\n<meta property=\"og:title\" content=\"Politique de confidentialit\u00e9 | Coque Atelier\" \/>\n<meta property=\"og:description\" content=\"Ce site est un site de d\u00e9monstration r\u00e9alis\u00e9 dans un cadre p\u00e9dagogique. Donn\u00e9es collect\u00e9esLes donn\u00e9es collect\u00e9es via les formulaires (nom, [&hellip;]\" \/>\n<meta property=\"og:url\" content=\"https:\/\/coque-atelier.fr\/index.php\/politique-de-confidentialite\/\" \/>\n<meta property=\"og:site_name\" content=\"Coque Atelier\" \/>\n<meta property=\"article:modified_time\" content=\"2026-02-14T12:34:51+00:00\" \/>\n<meta name=\"twitter:card\" content=\"summary_large_image\" \/>\n<script type=\"application\/ld+json\" class=\"yoast-schema-graph\">{\"@context\":\"https:\/\/schema.org\",\"@graph\":[{\"@type\":\"WebPage\",\"@id\":\"https:\/\/coque-atelier.fr\/index.php\/politique-de-confidentialite\/\",\"url\":\"https:\/\/coque-atelier.fr\/index.php\/politique-de-confidentialite\/\",\"name\":\"Politique de confidentialit\u00e9 | Coque Atelier\",\"isPartOf\":{\"@id\":\"https:\/\/coque-atelier.fr\/#website\"},\"datePublished\":\"2025-12-29T20:30:19+00:00\",\"dateModified\":\"2026-02-14T12:34:51+00:00\",\"breadcrumb\":{\"@id\":\"https:\/\/coque-atelier.fr\/index.php\/politique-de-confidentialite\/#breadcrumb\"},\"inLanguage\":\"fr-FR\",\"potentialAction\":[{\"@type\":\"ReadAction\",\"target\":[\"https:\/\/coque-atelier.fr\/index.php\/politique-de-confidentialite\/\"]}]},{\"@type\":\"BreadcrumbList\",\"@id\":\"https:\/\/coque-atelier.fr\/index.php\/politique-de-confidentialite\/#breadcrumb\",\"itemListElement\":[{\"@type\":\"ListItem\",\"position\":1,\"name\":\"Accueil\",\"item\":\"https:\/\/coque-atelier.fr\/\"},{\"@type\":\"ListItem\",\"position\":2,\"name\":\"Politique de confidentialit\u00e9\"}]},{\"@type\":\"WebSite\",\"@id\":\"https:\/\/coque-atelier.fr\/#website\",\"url\":\"https:\/\/coque-atelier.fr\/\",\"name\":\"Coque Atelier\",\"description\":\"\",\"publisher\":{\"@id\":\"https:\/\/coque-atelier.fr\/#organization\"},\"potentialAction\":[{\"@type\":\"SearchAction\",\"target\":{\"@type\":\"EntryPoint\",\"urlTemplate\":\"https:\/\/coque-atelier.fr\/?s={search_term_string}\"},\"query-input\":{\"@type\":\"PropertyValueSpecification\",\"valueRequired\":true,\"valueName\":\"search_term_string\"}}],\"inLanguage\":\"fr-FR\"},{\"@type\":\"Organization\",\"@id\":\"https:\/\/coque-atelier.fr\/#organization\",\"name\":\"Coque Atelier\",\"url\":\"https:\/\/coque-atelier.fr\/\",\"logo\":{\"@type\":\"ImageObject\",\"inLanguage\":\"fr-FR\",\"@id\":\"https:\/\/coque-atelier.fr\/#\/schema\/logo\/image\/\",\"url\":\"https:\/\/i0.wp.com\/coque-atelier.fr\/wp-content\/uploads\/2026\/01\/cropped-cropped-logo-CoqueAtelier.webp?fit=950%2C225&ssl=1\",\"contentUrl\":\"https:\/\/i0.wp.com\/coque-atelier.fr\/wp-content\/uploads\/2026\/01\/cropped-cropped-logo-CoqueAtelier.webp?fit=950%2C225&ssl=1\",\"width\":950,\"height\":225,\"caption\":\"Coque Atelier\"},\"image\":{\"@id\":\"https:\/\/coque-atelier.fr\/#\/schema\/logo\/image\/\"}}]}<\/script>\n<!-- \/ Yoast SEO plugin. -->","yoast_head_json":{"title":"Politique de confidentialit\u00e9 | Coque Atelier","robots":{"index":"index","follow":"follow","max-snippet":"max-snippet:-1","max-image-preview":"max-image-preview:large","max-video-preview":"max-video-preview:-1"},"canonical":"https:\/\/coque-atelier.fr\/index.php\/politique-de-confidentialite\/","og_locale":"fr_FR","og_type":"article","og_title":"Politique de confidentialit\u00e9 | Coque Atelier","og_description":"Ce site est un site de d\u00e9monstration r\u00e9alis\u00e9 dans un cadre p\u00e9dagogique. Donn\u00e9es collect\u00e9esLes donn\u00e9es collect\u00e9es via les formulaires (nom, [&hellip;]","og_url":"https:\/\/coque-atelier.fr\/index.php\/politique-de-confidentialite\/","og_site_name":"Coque Atelier","article_modified_time":"2026-02-14T12:34:51+00:00","twitter_card":"summary_large_image","schema":{"@context":"https:\/\/schema.org","@graph":[{"@type":"WebPage","@id":"https:\/\/coque-atelier.fr\/index.php\/politique-de-confidentialite\/","url":"https:\/\/coque-atelier.fr\/index.php\/politique-de-confidentialite\/","name":"Politique de confidentialit\u00e9 | Coque Atelier","isPartOf":{"@id":"https:\/\/coque-atelier.fr\/#website"},"datePublished":"2025-12-29T20:30:19+00:00","dateModified":"2026-02-14T12:34:51+00:00","breadcrumb":{"@id":"https:\/\/coque-atelier.fr\/index.php\/politique-de-confidentialite\/#breadcrumb"},"inLanguage":"fr-FR","potentialAction":[{"@type":"ReadAction","target":["https:\/\/coque-atelier.fr\/index.php\/politique-de-confidentialite\/"]}]},{"@type":"BreadcrumbList","@id":"https:\/\/coque-atelier.fr\/index.php\/politique-de-confidentialite\/#breadcrumb","itemListElement":[{"@type":"ListItem","position":1,"name":"Accueil","item":"https:\/\/coque-atelier.fr\/"},{"@type":"ListItem","position":2,"name":"Politique de confidentialit\u00e9"}]},{"@type":"WebSite","@id":"https:\/\/coque-atelier.fr\/#website","url":"https:\/\/coque-atelier.fr\/","name":"Coque Atelier","description":"","publisher":{"@id":"https:\/\/coque-atelier.fr\/#organization"},"potentialAction":[{"@type":"SearchAction","target":{"@type":"EntryPoint","urlTemplate":"https:\/\/coque-atelier.fr\/?s={search_term_string}"},"query-input":{"@type":"PropertyValueSpecification","valueRequired":true,"valueName":"search_term_string"}}],"inLanguage":"fr-FR"},{"@type":"Organization","@id":"https:\/\/coque-atelier.fr\/#organization","name":"Coque Atelier","url":"https:\/\/coque-atelier.fr\/","logo":{"@type":"ImageObject","inLanguage":"fr-FR","@id":"https:\/\/coque-atelier.fr\/#\/schema\/logo\/image\/","url":"https:\/\/i0.wp.com\/coque-atelier.fr\/wp-content\/uploads\/2026\/01\/cropped-cropped-logo-CoqueAtelier.webp?fit=950%2C225&ssl=1","contentUrl":"https:\/\/i0.wp.com\/coque-atelier.fr\/wp-content\/uploads\/2026\/01\/cropped-cropped-logo-CoqueAtelier.webp?fit=950%2C225&ssl=1","width":950,"height":225,"caption":"Coque Atelier"},"image":{"@id":"https:\/\/coque-atelier.fr\/#\/schema\/logo\/image\/"}}]}},"uagb_featured_image_src":{"full":false,"thumbnail":false,"medium":false,"medium_large":false,"large":false,"1536x1536":false,"2048x2048":false,"mailpoet_newsletter_max":false,"woocommerce_thumbnail":false,"woocommerce_single":false,"woocommerce_gallery_thumbnail":false},"uagb_author_info":{"display_name":"mrVcDtf78","author_link":"https:\/\/coque-atelier.fr\/index.php\/author\/mrvcdtf78\/"},"uagb_comment_info":0,"uagb_excerpt":"Ce site est un site de d\u00e9monstration r\u00e9alis\u00e9 dans un cadre p\u00e9dagogique. Donn\u00e9es collect\u00e9esLes donn\u00e9es collect\u00e9es via les formulaires (nom, [&hellip;]","jetpack_sharing_enabled":true,"_links":{"self":[{"href":"https:\/\/coque-atelier.fr\/index.php\/wp-json\/wp\/v2\/pages\/3","targetHints":{"allow":["GET"]}}],"collection":[{"href":"https:\/\/coque-atelier.fr\/index.php\/wp-json\/wp\/v2\/pages"}],"about":[{"href":"https:\/\/coque-atelier.fr\/index.php\/wp-json\/wp\/v2\/types\/page"}],"author":[{"embeddable":true,"href":"https:\/\/coque-atelier.fr\/index.php\/wp-json\/wp\/v2\/users\/1"}],"replies":[{"embeddable":true,"href":"https:\/\/coque-atelier.fr\/index.php\/wp-json\/wp\/v2\/comments?post=3"}],"version-history":[{"count":1,"href":"https:\/\/coque-atelier.fr\/index.php\/wp-json\/wp\/v2\/pages\/3\/revisions"}],"predecessor-version":[{"id":390,"href":"https:\/\/coque-atelier.fr\/index.php\/wp-json\/wp\/v2\/pages\/3\/revisions\/390"}],"wp:attachment":[{"href":"https:\/\/coque-atelier.fr\/index.php\/wp-json\/wp\/v2\/media?parent=3"}],"curies":[{"name":"wp","href":"https:\/\/api.w.org\/{rel}","templated":true}]}}