{"id":391,"date":"2026-02-14T13:38:36","date_gmt":"2026-02-14T12:38:36","guid":{"rendered":"https:\/\/coque-atelier.fr\/?page_id=391"},"modified":"2026-02-14T13:38:36","modified_gmt":"2026-02-14T12:38:36","slug":"conditions-generales-dutilisation-et-de-vente","status":"publish","type":"page","link":"https:\/\/coque-atelier.fr\/index.php\/conditions-generales-dutilisation-et-de-vente\/","title":{"rendered":"Conditions G\u00e9n\u00e9rales d\u2019Utilisation et de Vente"},"content":{"rendered":"\n<p>Ce site est un projet fictif r\u00e9alis\u00e9 dans le cadre d\u2019une formation.<br>Aucune commande pass\u00e9e sur ce site ne donnera lieu \u00e0 une livraison r\u00e9elle.<\/p>\n\n\n\n<p>Produits<br>Les produits pr\u00e9sent\u00e9s sont fictifs et utilis\u00e9s uniquement \u00e0 des fins p\u00e9dagogiques.<\/p>\n\n\n\n<p>Commandes<br>Les fonctionnalit\u00e9s de commande sont pr\u00e9sentes \u00e0 titre d\u00e9monstratif.<\/p>\n\n\n\n<p>Responsabilit\u00e9<br>L\u2019\u00e9diteur du site ne saurait \u00eatre tenu responsable de l\u2019utilisation faite de ce site de d\u00e9monstration.<\/p>\n","protected":false},"excerpt":{"rendered":"<p>Ce site est un projet fictif r\u00e9alis\u00e9 dans le cadre d\u2019une formation.Aucune commande pass\u00e9e sur ce site ne donnera lieu [&hellip;]<\/p>\n","protected":false},"author":1,"featured_media":0,"parent":0,"menu_order":0,"comment_status":"closed","ping_status":"closed","template":"","meta":{"_acf_changed":false,"_uag_custom_page_level_css":"","site-sidebar-layout":"default","site-content-layout":"","ast-site-content-layout":"default","site-content-style":"default","site-sidebar-style":"default","ast-global-header-display":"","ast-banner-title-visibility":"","ast-main-header-display":"","ast-hfb-above-header-display":"","ast-hfb-below-header-display":"","ast-hfb-mobile-header-display":"","site-post-title":"","ast-breadcrumbs-content":"","ast-featured-img":"","footer-sml-layout":"","ast-disable-related-posts":"","theme-transparent-header-meta":"","adv-header-id-meta":"","stick-header-meta":"","header-above-stick-meta":"","header-main-stick-meta":"","header-below-stick-meta":"","astra-migrate-meta-layouts":"default","ast-page-background-enabled":"default","ast-page-background-meta":{"desktop":{"background-color":"var(--ast-global-color-5)","background-image":"","background-repeat":"repeat","background-position":"center center","background-size":"auto","background-attachment":"scroll","background-type":"","background-media":"","overlay-type":"","overlay-color":"","overlay-opacity":"","overlay-gradient":""},"tablet":{"background-color":"","background-image":"","background-repeat":"repeat","background-position":"center center","background-size":"auto","background-attachment":"scroll","background-type":"","background-media":"","overlay-type":"","overlay-color":"","overlay-opacity":"","overlay-gradient":""},"mobile":{"background-color":"","background-image":"","background-repeat":"repeat","background-position":"center center","background-size":"auto","background-attachment":"scroll","background-type":"","background-media":"","overlay-type":"","overlay-color":"","overlay-opacity":"","overlay-gradient":""}},"ast-content-background-meta":{"desktop":{"background-color":"var(--ast-global-color-4)","background-image":"","background-repeat":"repeat","background-position":"center center","background-size":"auto","background-attachment":"scroll","background-type":"","background-media":"","overlay-type":"","overlay-color":"","overlay-opacity":"","overlay-gradient":""},"tablet":{"background-color":"var(--ast-global-color-4)","background-image":"","background-repeat":"repeat","background-position":"center center","background-size":"auto","background-attachment":"scroll","background-type":"","background-media":"","overlay-type":"","overlay-color":"","overlay-opacity":"","overlay-gradient":""},"mobile":{"background-color":"var(--ast-global-color-4)","background-image":"","background-repeat":"repeat","background-position":"center center","background-size":"auto","background-attachment":"scroll","background-type":"","background-media":"","overlay-type":"","overlay-color":"","overlay-opacity":"","overlay-gradient":""}},"footnotes":""},"class_list":["post-391","page","type-page","status-publish","hentry"],"acf":[],"yoast_head":"<!-- This site is optimized with the Yoast SEO plugin v27.0 - https:\/\/yoast.com\/product\/yoast-seo-wordpress\/ -->\n<title>Conditions G\u00e9n\u00e9rales d\u2019Utilisation et de Vente | Coque Atelier<\/title>\n<meta name=\"robots\" content=\"index, follow, max-snippet:-1, max-image-preview:large, max-video-preview:-1\" \/>\n<link rel=\"canonical\" href=\"https:\/\/coque-atelier.fr\/index.php\/conditions-generales-dutilisation-et-de-vente\/\" \/>\n<meta property=\"og:locale\" content=\"fr_FR\" \/>\n<meta property=\"og:type\" content=\"article\" \/>\n<meta property=\"og:title\" content=\"Conditions G\u00e9n\u00e9rales d\u2019Utilisation et de Vente | Coque Atelier\" \/>\n<meta property=\"og:description\" content=\"Ce site est un projet fictif r\u00e9alis\u00e9 dans le cadre d\u2019une formation.Aucune commande pass\u00e9e sur ce site ne donnera lieu [&hellip;]\" \/>\n<meta property=\"og:url\" content=\"https:\/\/coque-atelier.fr\/index.php\/conditions-generales-dutilisation-et-de-vente\/\" \/>\n<meta property=\"og:site_name\" content=\"Coque Atelier\" \/>\n<meta name=\"twitter:card\" content=\"summary_large_image\" \/>\n<script type=\"application\/ld+json\" class=\"yoast-schema-graph\">{\"@context\":\"https:\/\/schema.org\",\"@graph\":[{\"@type\":\"WebPage\",\"@id\":\"https:\/\/coque-atelier.fr\/index.php\/conditions-generales-dutilisation-et-de-vente\/\",\"url\":\"https:\/\/coque-atelier.fr\/index.php\/conditions-generales-dutilisation-et-de-vente\/\",\"name\":\"Conditions G\u00e9n\u00e9rales d\u2019Utilisation et de Vente | Coque Atelier\",\"isPartOf\":{\"@id\":\"https:\/\/coque-atelier.fr\/#website\"},\"datePublished\":\"2026-02-14T12:38:36+00:00\",\"breadcrumb\":{\"@id\":\"https:\/\/coque-atelier.fr\/index.php\/conditions-generales-dutilisation-et-de-vente\/#breadcrumb\"},\"inLanguage\":\"fr-FR\",\"potentialAction\":[{\"@type\":\"ReadAction\",\"target\":[\"https:\/\/coque-atelier.fr\/index.php\/conditions-generales-dutilisation-et-de-vente\/\"]}]},{\"@type\":\"BreadcrumbList\",\"@id\":\"https:\/\/coque-atelier.fr\/index.php\/conditions-generales-dutilisation-et-de-vente\/#breadcrumb\",\"itemListElement\":[{\"@type\":\"ListItem\",\"position\":1,\"name\":\"Accueil\",\"item\":\"https:\/\/coque-atelier.fr\/\"},{\"@type\":\"ListItem\",\"position\":2,\"name\":\"Conditions G\u00e9n\u00e9rales d\u2019Utilisation et de Vente\"}]},{\"@type\":\"WebSite\",\"@id\":\"https:\/\/coque-atelier.fr\/#website\",\"url\":\"https:\/\/coque-atelier.fr\/\",\"name\":\"Coque Atelier\",\"description\":\"\",\"publisher\":{\"@id\":\"https:\/\/coque-atelier.fr\/#organization\"},\"potentialAction\":[{\"@type\":\"SearchAction\",\"target\":{\"@type\":\"EntryPoint\",\"urlTemplate\":\"https:\/\/coque-atelier.fr\/?s={search_term_string}\"},\"query-input\":{\"@type\":\"PropertyValueSpecification\",\"valueRequired\":true,\"valueName\":\"search_term_string\"}}],\"inLanguage\":\"fr-FR\"},{\"@type\":\"Organization\",\"@id\":\"https:\/\/coque-atelier.fr\/#organization\",\"name\":\"Coque Atelier\",\"url\":\"https:\/\/coque-atelier.fr\/\",\"logo\":{\"@type\":\"ImageObject\",\"inLanguage\":\"fr-FR\",\"@id\":\"https:\/\/coque-atelier.fr\/#\/schema\/logo\/image\/\",\"url\":\"https:\/\/i0.wp.com\/coque-atelier.fr\/wp-content\/uploads\/2026\/01\/cropped-cropped-logo-CoqueAtelier.webp?fit=950%2C225&ssl=1\",\"contentUrl\":\"https:\/\/i0.wp.com\/coque-atelier.fr\/wp-content\/uploads\/2026\/01\/cropped-cropped-logo-CoqueAtelier.webp?fit=950%2C225&ssl=1\",\"width\":950,\"height\":225,\"caption\":\"Coque Atelier\"},\"image\":{\"@id\":\"https:\/\/coque-atelier.fr\/#\/schema\/logo\/image\/\"}}]}<\/script>\n<!-- \/ Yoast SEO plugin. -->","yoast_head_json":{"title":"Conditions G\u00e9n\u00e9rales d\u2019Utilisation et de Vente | Coque Atelier","robots":{"index":"index","follow":"follow","max-snippet":"max-snippet:-1","max-image-preview":"max-image-preview:large","max-video-preview":"max-video-preview:-1"},"canonical":"https:\/\/coque-atelier.fr\/index.php\/conditions-generales-dutilisation-et-de-vente\/","og_locale":"fr_FR","og_type":"article","og_title":"Conditions G\u00e9n\u00e9rales d\u2019Utilisation et de Vente | Coque Atelier","og_description":"Ce site est un projet fictif r\u00e9alis\u00e9 dans le cadre d\u2019une formation.Aucune commande pass\u00e9e sur ce site ne donnera lieu [&hellip;]","og_url":"https:\/\/coque-atelier.fr\/index.php\/conditions-generales-dutilisation-et-de-vente\/","og_site_name":"Coque Atelier","twitter_card":"summary_large_image","schema":{"@context":"https:\/\/schema.org","@graph":[{"@type":"WebPage","@id":"https:\/\/coque-atelier.fr\/index.php\/conditions-generales-dutilisation-et-de-vente\/","url":"https:\/\/coque-atelier.fr\/index.php\/conditions-generales-dutilisation-et-de-vente\/","name":"Conditions G\u00e9n\u00e9rales d\u2019Utilisation et de Vente | Coque Atelier","isPartOf":{"@id":"https:\/\/coque-atelier.fr\/#website"},"datePublished":"2026-02-14T12:38:36+00:00","breadcrumb":{"@id":"https:\/\/coque-atelier.fr\/index.php\/conditions-generales-dutilisation-et-de-vente\/#breadcrumb"},"inLanguage":"fr-FR","potentialAction":[{"@type":"ReadAction","target":["https:\/\/coque-atelier.fr\/index.php\/conditions-generales-dutilisation-et-de-vente\/"]}]},{"@type":"BreadcrumbList","@id":"https:\/\/coque-atelier.fr\/index.php\/conditions-generales-dutilisation-et-de-vente\/#breadcrumb","itemListElement":[{"@type":"ListItem","position":1,"name":"Accueil","item":"https:\/\/coque-atelier.fr\/"},{"@type":"ListItem","position":2,"name":"Conditions G\u00e9n\u00e9rales d\u2019Utilisation et de Vente"}]},{"@type":"WebSite","@id":"https:\/\/coque-atelier.fr\/#website","url":"https:\/\/coque-atelier.fr\/","name":"Coque Atelier","description":"","publisher":{"@id":"https:\/\/coque-atelier.fr\/#organization"},"potentialAction":[{"@type":"SearchAction","target":{"@type":"EntryPoint","urlTemplate":"https:\/\/coque-atelier.fr\/?s={search_term_string}"},"query-input":{"@type":"PropertyValueSpecification","valueRequired":true,"valueName":"search_term_string"}}],"inLanguage":"fr-FR"},{"@type":"Organization","@id":"https:\/\/coque-atelier.fr\/#organization","name":"Coque Atelier","url":"https:\/\/coque-atelier.fr\/","logo":{"@type":"ImageObject","inLanguage":"fr-FR","@id":"https:\/\/coque-atelier.fr\/#\/schema\/logo\/image\/","url":"https:\/\/i0.wp.com\/coque-atelier.fr\/wp-content\/uploads\/2026\/01\/cropped-cropped-logo-CoqueAtelier.webp?fit=950%2C225&ssl=1","contentUrl":"https:\/\/i0.wp.com\/coque-atelier.fr\/wp-content\/uploads\/2026\/01\/cropped-cropped-logo-CoqueAtelier.webp?fit=950%2C225&ssl=1","width":950,"height":225,"caption":"Coque Atelier"},"image":{"@id":"https:\/\/coque-atelier.fr\/#\/schema\/logo\/image\/"}}]}},"uagb_featured_image_src":{"full":false,"thumbnail":false,"medium":false,"medium_large":false,"large":false,"1536x1536":false,"2048x2048":false,"mailpoet_newsletter_max":false,"woocommerce_thumbnail":false,"woocommerce_single":false,"woocommerce_gallery_thumbnail":false},"uagb_author_info":{"display_name":"mrVcDtf78","author_link":"https:\/\/coque-atelier.fr\/index.php\/author\/mrvcdtf78\/"},"uagb_comment_info":0,"uagb_excerpt":"Ce site est un projet fictif r\u00e9alis\u00e9 dans le cadre d\u2019une formation.Aucune commande pass\u00e9e sur ce site ne donnera lieu [&hellip;]","jetpack_sharing_enabled":true,"_links":{"self":[{"href":"https:\/\/coque-atelier.fr\/index.php\/wp-json\/wp\/v2\/pages\/391","targetHints":{"allow":["GET"]}}],"collection":[{"href":"https:\/\/coque-atelier.fr\/index.php\/wp-json\/wp\/v2\/pages"}],"about":[{"href":"https:\/\/coque-atelier.fr\/index.php\/wp-json\/wp\/v2\/types\/page"}],"author":[{"embeddable":true,"href":"https:\/\/coque-atelier.fr\/index.php\/wp-json\/wp\/v2\/users\/1"}],"replies":[{"embeddable":true,"href":"https:\/\/coque-atelier.fr\/index.php\/wp-json\/wp\/v2\/comments?post=391"}],"version-history":[{"count":1,"href":"https:\/\/coque-atelier.fr\/index.php\/wp-json\/wp\/v2\/pages\/391\/revisions"}],"predecessor-version":[{"id":392,"href":"https:\/\/coque-atelier.fr\/index.php\/wp-json\/wp\/v2\/pages\/391\/revisions\/392"}],"wp:attachment":[{"href":"https:\/\/coque-atelier.fr\/index.php\/wp-json\/wp\/v2\/media?parent=391"}],"curies":[{"name":"wp","href":"https:\/\/api.w.org\/{rel}","templated":true}]}}