{"id":531,"date":"2026-02-17T20:02:07","date_gmt":"2026-02-17T19:02:07","guid":{"rendered":"https:\/\/coque-atelier.fr\/?post_type=product&#038;p=531"},"modified":"2026-02-22T23:16:04","modified_gmt":"2026-02-22T22:16:04","slug":"coque-personnalisable","status":"publish","type":"product","link":"https:\/\/coque-atelier.fr\/index.php\/produit\/coque-personnalisable\/","title":{"rendered":"Coque personnalisable"},"content":{"rendered":"<h2 data-start=\"745\" data-end=\"794\">Coque Personnalisable \u2013 Cr\u00e9ez un mod\u00e8le unique<\/h2>\n<p data-start=\"796\" data-end=\"1012\">Exprimez pleinement votre cr\u00e9ativit\u00e9 avec la Coque Personnalisable. Contrairement aux autres mod\u00e8les, cette coque vous permet d\u2019imprimer l\u2019image, le visuel ou le design de votre choix directement sur votre t\u00e9l\u00e9phone.<\/p>\n<p data-start=\"1014\" data-end=\"1196\">Il vous suffit d\u2019envoyer votre fichier apr\u00e8s commande, et votre cr\u00e9ation sera reproduite sur une coque en silicone souple et r\u00e9sistante, assurant \u00e0 la fois protection et originalit\u00e9.<\/p>\n<h3 data-start=\"1302\" data-end=\"1329\">Comment \u00e7a fonctionne ?<\/h3>\n<ol data-start=\"1331\" data-end=\"1429\">\n<li data-start=\"1331\" data-end=\"1351\">\n<p data-start=\"1334\" data-end=\"1351\">Passez commande<\/p>\n<\/li>\n<li data-start=\"1352\" data-end=\"1386\">\n<p data-start=\"1355\" data-end=\"1386\">Envoyez votre image ou design<\/p>\n<\/li>\n<li data-start=\"1387\" data-end=\"1429\">\n<p data-start=\"1390\" data-end=\"1429\">Votre visuel est imprim\u00e9 sur la coque<\/p>\n<\/li>\n<\/ol>\n<h3 data-start=\"1431\" data-end=\"1453\">Caract\u00e9ristiques :<\/h3>\n<ul data-start=\"1455\" data-end=\"1650\">\n<li data-start=\"1455\" data-end=\"1483\">\n<p data-start=\"1457\" data-end=\"1483\">Impression personnalis\u00e9e<\/p>\n<\/li>\n<li data-start=\"1484\" data-end=\"1514\">\n<p data-start=\"1486\" data-end=\"1514\">Silicone souple et durable<\/p>\n<\/li>\n<li data-start=\"1515\" data-end=\"1553\">\n<p data-start=\"1517\" data-end=\"1553\">Protection contre chocs et rayures<\/p>\n<\/li>\n<li data-start=\"1554\" data-end=\"1591\">\n<p data-start=\"1556\" data-end=\"1591\">Acc\u00e8s pr\u00e9cis aux ports et boutons<\/p>\n<\/li>\n<li data-start=\"1592\" data-end=\"1624\">\n<p data-start=\"1594\" data-end=\"1624\">Compatible recharge sans fil<\/p>\n<\/li>\n<\/ul>\n<p data-start=\"1652\" data-end=\"1755\">La Coque Personnalisable est id\u00e9ale pour celles et ceux qui souhaitent un produit unique, \u00e0 leur image.<\/p>\n","protected":false},"excerpt":{"rendered":"<p>Votre design, votre coque unique<\/p>\n<p><strong>Informations importantes :<\/strong><br \/>\n&#8211; Format accept\u00e9 : JPG ou PNG<br \/>\n&#8211; Image en haute r\u00e9solution recommand\u00e9e<br \/>\n&#8211; Pas de contenu prot\u00e9g\u00e9 par droits d\u2019auteur<br \/>\n&#8211; Aucun contenu inappropri\u00e9 ou offensant<\/p>\n<p>Apr\u00e8s votre commande, envoyez votre image \u00e0 : postmaster<a class=\"decorated-link cursor-pointer\" rel=\"noopener\" data-start=\"1534\" data-end=\"1553\">@coqueatelier.fr<\/a>\u00a0avec votre num\u00e9ro de commande.<\/p>\n<p>&nbsp;<\/p>\n","protected":false},"featured_media":532,"comment_status":"open","ping_status":"closed","template":"","meta":{"_acf_changed":false,"_uag_custom_page_level_css":"","site-sidebar-layout":"default","site-content-layout":"","ast-site-content-layout":"default","site-content-style":"default","site-sidebar-style":"default","ast-global-header-display":"","ast-banner-title-visibility":"","ast-main-header-display":"","ast-hfb-above-header-display":"","ast-hfb-below-header-display":"","ast-hfb-mobile-header-display":"","site-post-title":"","ast-breadcrumbs-content":"","ast-featured-img":"","footer-sml-layout":"","ast-disable-related-posts":"","theme-transparent-header-meta":"default","adv-header-id-meta":"","stick-header-meta":"","header-above-stick-meta":"","header-main-stick-meta":"","header-below-stick-meta":"","astra-migrate-meta-layouts":"set","ast-page-background-enabled":"default","ast-page-background-meta":{"desktop":{"background-color":"var(--ast-global-color-5)","background-image":"","background-repeat":"repeat","background-position":"center center","background-size":"auto","background-attachment":"scroll","background-type":"","background-media":"","overlay-type":"","overlay-color":"","overlay-opacity":"","overlay-gradient":""},"tablet":{"background-color":"","background-image":"","background-repeat":"repeat","background-position":"center center","background-size":"auto","background-attachment":"scroll","background-type":"","background-media":"","overlay-type":"","overlay-color":"","overlay-opacity":"","overlay-gradient":""},"mobile":{"background-color":"","background-image":"","background-repeat":"repeat","background-position":"center center","background-size":"auto","background-attachment":"scroll","background-type":"","background-media":"","overlay-type":"","overlay-color":"","overlay-opacity":"","overlay-gradient":""}},"ast-content-background-meta":{"desktop":{"background-color":"var(--ast-global-color-4)","background-image":"","background-repeat":"repeat","background-position":"center center","background-size":"auto","background-attachment":"scroll","background-type":"","background-media":"","overlay-type":"","overlay-color":"","overlay-opacity":"","overlay-gradient":""},"tablet":{"background-color":"var(--ast-global-color-4)","background-image":"","background-repeat":"repeat","background-position":"center center","background-size":"auto","background-attachment":"scroll","background-type":"","background-media":"","overlay-type":"","overlay-color":"","overlay-opacity":"","overlay-gradient":""},"mobile":{"background-color":"var(--ast-global-color-4)","background-image":"","background-repeat":"repeat","background-position":"center center","background-size":"auto","background-attachment":"scroll","background-type":"","background-media":"","overlay-type":"","overlay-color":"","overlay-opacity":"","overlay-gradient":""}}},"product_brand":[],"product_cat":[33],"product_tag":[],"class_list":{"0":"post-531","1":"product","2":"type-product","3":"status-publish","4":"has-post-thumbnail","6":"product_cat-personnalisable","7":"desktop-align-center","8":"tablet-align-center","9":"mobile-align-center","11":"first","12":"instock","13":"featured","14":"taxable","15":"shipping-taxable","16":"purchasable","17":"product-type-simple"},"acf":[],"yoast_head":"<!-- This site is optimized with the Yoast SEO plugin v27.0 - https:\/\/yoast.com\/product\/yoast-seo-wordpress\/ -->\n<title>Coque personnalisable | Coque silicone impression sur mesure<\/title>\n<meta name=\"description\" content=\"Coque en silicone personnalisable sur mesure. Protection \u00e9l\u00e9gante et souple. Un design sur mesure qui vous ressemble et fais ressortir votre personnalit\u00e9.\" \/>\n<meta name=\"robots\" content=\"index, follow, max-snippet:-1, max-image-preview:large, max-video-preview:-1\" \/>\n<link rel=\"canonical\" href=\"https:\/\/coque-atelier.fr\/index.php\/produit\/coque-personnalisable\/\" \/>\n<meta property=\"og:locale\" content=\"fr_FR\" \/>\n<meta property=\"og:type\" content=\"article\" \/>\n<meta property=\"og:title\" content=\"Coque personnalisable | Coque silicone impression sur mesure\" \/>\n<meta property=\"og:description\" content=\"Coque en silicone personnalisable sur mesure. Protection \u00e9l\u00e9gante et souple. Un design sur mesure qui vous ressemble et fais ressortir votre personnalit\u00e9.\" \/>\n<meta property=\"og:url\" content=\"https:\/\/coque-atelier.fr\/index.php\/produit\/coque-personnalisable\/\" \/>\n<meta property=\"og:site_name\" content=\"Coque Atelier\" \/>\n<meta property=\"article:modified_time\" content=\"2026-02-22T22:16:04+00:00\" \/>\n<meta property=\"og:image\" content=\"https:\/\/coque-atelier.fr\/wp-content\/uploads\/2026\/02\/coque-personalisable-1.webp\" \/>\n\t<meta property=\"og:image:width\" content=\"1200\" \/>\n\t<meta property=\"og:image:height\" content=\"900\" \/>\n\t<meta property=\"og:image:type\" content=\"image\/webp\" \/>\n<meta name=\"twitter:card\" content=\"summary_large_image\" \/>\n<meta name=\"twitter:label1\" content=\"Dur\u00e9e de lecture estim\u00e9e\" \/>\n\t<meta name=\"twitter:data1\" content=\"1 minute\" \/>\n<script type=\"application\/ld+json\" class=\"yoast-schema-graph\">{\"@context\":\"https:\/\/schema.org\",\"@graph\":[{\"@type\":\"WebPage\",\"@id\":\"https:\/\/coque-atelier.fr\/index.php\/produit\/coque-personnalisable\/\",\"url\":\"https:\/\/coque-atelier.fr\/index.php\/produit\/coque-personnalisable\/\",\"name\":\"Coque personnalisable | Coque silicone impression sur mesure\",\"isPartOf\":{\"@id\":\"https:\/\/coque-atelier.fr\/#website\"},\"primaryImageOfPage\":{\"@id\":\"https:\/\/coque-atelier.fr\/index.php\/produit\/coque-personnalisable\/#primaryimage\"},\"image\":{\"@id\":\"https:\/\/coque-atelier.fr\/index.php\/produit\/coque-personnalisable\/#primaryimage\"},\"thumbnailUrl\":\"https:\/\/i0.wp.com\/coque-atelier.fr\/wp-content\/uploads\/2026\/02\/coque-personalisable-1.webp?fit=1200%2C900&ssl=1\",\"datePublished\":\"2026-02-17T19:02:07+00:00\",\"dateModified\":\"2026-02-22T22:16:04+00:00\",\"description\":\"Coque en silicone personnalisable sur mesure. Protection \u00e9l\u00e9gante et souple. Un design sur mesure qui vous ressemble et fais ressortir votre personnalit\u00e9.\",\"breadcrumb\":{\"@id\":\"https:\/\/coque-atelier.fr\/index.php\/produit\/coque-personnalisable\/#breadcrumb\"},\"inLanguage\":\"fr-FR\",\"potentialAction\":[{\"@type\":\"ReadAction\",\"target\":[\"https:\/\/coque-atelier.fr\/index.php\/produit\/coque-personnalisable\/\"]}]},{\"@type\":\"ImageObject\",\"inLanguage\":\"fr-FR\",\"@id\":\"https:\/\/coque-atelier.fr\/index.php\/produit\/coque-personnalisable\/#primaryimage\",\"url\":\"https:\/\/i0.wp.com\/coque-atelier.fr\/wp-content\/uploads\/2026\/02\/coque-personalisable-1.webp?fit=1200%2C900&ssl=1\",\"contentUrl\":\"https:\/\/i0.wp.com\/coque-atelier.fr\/wp-content\/uploads\/2026\/02\/coque-personalisable-1.webp?fit=1200%2C900&ssl=1\",\"width\":1200,\"height\":900,\"caption\":\"Coque personnalisable silicone\"},{\"@type\":\"BreadcrumbList\",\"@id\":\"https:\/\/coque-atelier.fr\/index.php\/produit\/coque-personnalisable\/#breadcrumb\",\"itemListElement\":[{\"@type\":\"ListItem\",\"position\":1,\"name\":\"Accueil\",\"item\":\"https:\/\/coque-atelier.fr\/\"},{\"@type\":\"ListItem\",\"position\":2,\"name\":\"Boutique\",\"item\":\"https:\/\/coque-atelier.fr\/index.php\/boutique\/\"},{\"@type\":\"ListItem\",\"position\":3,\"name\":\"Coque personnalisable\"}]},{\"@type\":\"WebSite\",\"@id\":\"https:\/\/coque-atelier.fr\/#website\",\"url\":\"https:\/\/coque-atelier.fr\/\",\"name\":\"Coque Atelier\",\"description\":\"\",\"publisher\":{\"@id\":\"https:\/\/coque-atelier.fr\/#organization\"},\"potentialAction\":[{\"@type\":\"SearchAction\",\"target\":{\"@type\":\"EntryPoint\",\"urlTemplate\":\"https:\/\/coque-atelier.fr\/?s={search_term_string}\"},\"query-input\":{\"@type\":\"PropertyValueSpecification\",\"valueRequired\":true,\"valueName\":\"search_term_string\"}}],\"inLanguage\":\"fr-FR\"},{\"@type\":\"Organization\",\"@id\":\"https:\/\/coque-atelier.fr\/#organization\",\"name\":\"Coque Atelier\",\"url\":\"https:\/\/coque-atelier.fr\/\",\"logo\":{\"@type\":\"ImageObject\",\"inLanguage\":\"fr-FR\",\"@id\":\"https:\/\/coque-atelier.fr\/#\/schema\/logo\/image\/\",\"url\":\"https:\/\/i0.wp.com\/coque-atelier.fr\/wp-content\/uploads\/2026\/01\/cropped-cropped-logo-CoqueAtelier.webp?fit=950%2C225&ssl=1\",\"contentUrl\":\"https:\/\/i0.wp.com\/coque-atelier.fr\/wp-content\/uploads\/2026\/01\/cropped-cropped-logo-CoqueAtelier.webp?fit=950%2C225&ssl=1\",\"width\":950,\"height\":225,\"caption\":\"Coque Atelier\"},\"image\":{\"@id\":\"https:\/\/coque-atelier.fr\/#\/schema\/logo\/image\/\"}}]}<\/script>\n<!-- \/ Yoast SEO plugin. -->","yoast_head_json":{"title":"Coque personnalisable | Coque silicone impression sur mesure","description":"Coque en silicone personnalisable sur mesure. Protection \u00e9l\u00e9gante et souple. Un design sur mesure qui vous ressemble et fais ressortir votre personnalit\u00e9.","robots":{"index":"index","follow":"follow","max-snippet":"max-snippet:-1","max-image-preview":"max-image-preview:large","max-video-preview":"max-video-preview:-1"},"canonical":"https:\/\/coque-atelier.fr\/index.php\/produit\/coque-personnalisable\/","og_locale":"fr_FR","og_type":"article","og_title":"Coque personnalisable | Coque silicone impression sur mesure","og_description":"Coque en silicone personnalisable sur mesure. Protection \u00e9l\u00e9gante et souple. Un design sur mesure qui vous ressemble et fais ressortir votre personnalit\u00e9.","og_url":"https:\/\/coque-atelier.fr\/index.php\/produit\/coque-personnalisable\/","og_site_name":"Coque Atelier","article_modified_time":"2026-02-22T22:16:04+00:00","og_image":[{"width":1200,"height":900,"url":"https:\/\/coque-atelier.fr\/wp-content\/uploads\/2026\/02\/coque-personalisable-1.webp","type":"image\/webp"}],"twitter_card":"summary_large_image","twitter_misc":{"Dur\u00e9e de lecture estim\u00e9e":"1 minute"},"schema":{"@context":"https:\/\/schema.org","@graph":[{"@type":"WebPage","@id":"https:\/\/coque-atelier.fr\/index.php\/produit\/coque-personnalisable\/","url":"https:\/\/coque-atelier.fr\/index.php\/produit\/coque-personnalisable\/","name":"Coque personnalisable | Coque silicone impression sur mesure","isPartOf":{"@id":"https:\/\/coque-atelier.fr\/#website"},"primaryImageOfPage":{"@id":"https:\/\/coque-atelier.fr\/index.php\/produit\/coque-personnalisable\/#primaryimage"},"image":{"@id":"https:\/\/coque-atelier.fr\/index.php\/produit\/coque-personnalisable\/#primaryimage"},"thumbnailUrl":"https:\/\/i0.wp.com\/coque-atelier.fr\/wp-content\/uploads\/2026\/02\/coque-personalisable-1.webp?fit=1200%2C900&ssl=1","datePublished":"2026-02-17T19:02:07+00:00","dateModified":"2026-02-22T22:16:04+00:00","description":"Coque en silicone personnalisable sur mesure. Protection \u00e9l\u00e9gante et souple. Un design sur mesure qui vous ressemble et fais ressortir votre personnalit\u00e9.","breadcrumb":{"@id":"https:\/\/coque-atelier.fr\/index.php\/produit\/coque-personnalisable\/#breadcrumb"},"inLanguage":"fr-FR","potentialAction":[{"@type":"ReadAction","target":["https:\/\/coque-atelier.fr\/index.php\/produit\/coque-personnalisable\/"]}]},{"@type":"ImageObject","inLanguage":"fr-FR","@id":"https:\/\/coque-atelier.fr\/index.php\/produit\/coque-personnalisable\/#primaryimage","url":"https:\/\/i0.wp.com\/coque-atelier.fr\/wp-content\/uploads\/2026\/02\/coque-personalisable-1.webp?fit=1200%2C900&ssl=1","contentUrl":"https:\/\/i0.wp.com\/coque-atelier.fr\/wp-content\/uploads\/2026\/02\/coque-personalisable-1.webp?fit=1200%2C900&ssl=1","width":1200,"height":900,"caption":"Coque personnalisable silicone"},{"@type":"BreadcrumbList","@id":"https:\/\/coque-atelier.fr\/index.php\/produit\/coque-personnalisable\/#breadcrumb","itemListElement":[{"@type":"ListItem","position":1,"name":"Accueil","item":"https:\/\/coque-atelier.fr\/"},{"@type":"ListItem","position":2,"name":"Boutique","item":"https:\/\/coque-atelier.fr\/index.php\/boutique\/"},{"@type":"ListItem","position":3,"name":"Coque personnalisable"}]},{"@type":"WebSite","@id":"https:\/\/coque-atelier.fr\/#website","url":"https:\/\/coque-atelier.fr\/","name":"Coque Atelier","description":"","publisher":{"@id":"https:\/\/coque-atelier.fr\/#organization"},"potentialAction":[{"@type":"SearchAction","target":{"@type":"EntryPoint","urlTemplate":"https:\/\/coque-atelier.fr\/?s={search_term_string}"},"query-input":{"@type":"PropertyValueSpecification","valueRequired":true,"valueName":"search_term_string"}}],"inLanguage":"fr-FR"},{"@type":"Organization","@id":"https:\/\/coque-atelier.fr\/#organization","name":"Coque Atelier","url":"https:\/\/coque-atelier.fr\/","logo":{"@type":"ImageObject","inLanguage":"fr-FR","@id":"https:\/\/coque-atelier.fr\/#\/schema\/logo\/image\/","url":"https:\/\/i0.wp.com\/coque-atelier.fr\/wp-content\/uploads\/2026\/01\/cropped-cropped-logo-CoqueAtelier.webp?fit=950%2C225&ssl=1","contentUrl":"https:\/\/i0.wp.com\/coque-atelier.fr\/wp-content\/uploads\/2026\/01\/cropped-cropped-logo-CoqueAtelier.webp?fit=950%2C225&ssl=1","width":950,"height":225,"caption":"Coque Atelier"},"image":{"@id":"https:\/\/coque-atelier.fr\/#\/schema\/logo\/image\/"}}]}},"uagb_featured_image_src":{"full":["https:\/\/i0.wp.com\/coque-atelier.fr\/wp-content\/uploads\/2026\/02\/coque-personalisable-1.webp?fit=1200%2C900&ssl=1",1200,900,false],"thumbnail":["https:\/\/i0.wp.com\/coque-atelier.fr\/wp-content\/uploads\/2026\/02\/coque-personalisable-1.webp?resize=150%2C150&ssl=1",150,150,true],"medium":["https:\/\/i0.wp.com\/coque-atelier.fr\/wp-content\/uploads\/2026\/02\/coque-personalisable-1.webp?fit=300%2C225&ssl=1",300,225,true],"medium_large":["https:\/\/i0.wp.com\/coque-atelier.fr\/wp-content\/uploads\/2026\/02\/coque-personalisable-1.webp?fit=768%2C576&ssl=1",768,576,true],"large":["https:\/\/i0.wp.com\/coque-atelier.fr\/wp-content\/uploads\/2026\/02\/coque-personalisable-1.webp?fit=1024%2C768&ssl=1",1024,768,true],"1536x1536":["https:\/\/i0.wp.com\/coque-atelier.fr\/wp-content\/uploads\/2026\/02\/coque-personalisable-1.webp?fit=1200%2C900&ssl=1",1200,900,true],"2048x2048":["https:\/\/i0.wp.com\/coque-atelier.fr\/wp-content\/uploads\/2026\/02\/coque-personalisable-1.webp?fit=1200%2C900&ssl=1",1200,900,true],"mailpoet_newsletter_max":["https:\/\/i0.wp.com\/coque-atelier.fr\/wp-content\/uploads\/2026\/02\/coque-personalisable-1.webp?fit=1200%2C900&ssl=1",1200,900,true],"woocommerce_thumbnail":["https:\/\/i0.wp.com\/coque-atelier.fr\/wp-content\/uploads\/2026\/02\/coque-personalisable-1.webp?fit=500%2C375&ssl=1",500,375,true],"woocommerce_single":["https:\/\/i0.wp.com\/coque-atelier.fr\/wp-content\/uploads\/2026\/02\/coque-personalisable-1.webp?fit=1000%2C750&ssl=1",1000,750,true],"woocommerce_gallery_thumbnail":["https:\/\/i0.wp.com\/coque-atelier.fr\/wp-content\/uploads\/2026\/02\/coque-personalisable-1.webp?resize=100%2C100&ssl=1",100,100,true]},"uagb_author_info":{"display_name":"mrVcDtf78","author_link":"https:\/\/coque-atelier.fr\/index.php\/author\/"},"uagb_comment_info":0,"uagb_excerpt":"Votre design, votre coque unique Informations importantes : - Format accept\u00e9 : JPG ou PNG - Image en haute r\u00e9solution recommand\u00e9e - Pas de contenu prot\u00e9g\u00e9 par droits d\u2019auteur - Aucun contenu inappropri\u00e9 ou offensant Apr\u00e8s votre commande, envoyez votre image \u00e0 : postmaster@coqueatelier.fr\u00a0avec votre num\u00e9ro de commande. &nbsp;","jetpack_sharing_enabled":true,"_links":{"self":[{"href":"https:\/\/coque-atelier.fr\/index.php\/wp-json\/wp\/v2\/product\/531","targetHints":{"allow":["GET"]}}],"collection":[{"href":"https:\/\/coque-atelier.fr\/index.php\/wp-json\/wp\/v2\/product"}],"about":[{"href":"https:\/\/coque-atelier.fr\/index.php\/wp-json\/wp\/v2\/types\/product"}],"replies":[{"embeddable":true,"href":"https:\/\/coque-atelier.fr\/index.php\/wp-json\/wp\/v2\/comments?post=531"}],"wp:featuredmedia":[{"embeddable":true,"href":"https:\/\/coque-atelier.fr\/index.php\/wp-json\/wp\/v2\/media\/532"}],"wp:attachment":[{"href":"https:\/\/coque-atelier.fr\/index.php\/wp-json\/wp\/v2\/media?parent=531"}],"wp:term":[{"taxonomy":"product_brand","embeddable":true,"href":"https:\/\/coque-atelier.fr\/index.php\/wp-json\/wp\/v2\/product_brand?post=531"},{"taxonomy":"product_cat","embeddable":true,"href":"https:\/\/coque-atelier.fr\/index.php\/wp-json\/wp\/v2\/product_cat?post=531"},{"taxonomy":"product_tag","embeddable":true,"href":"https:\/\/coque-atelier.fr\/index.php\/wp-json\/wp\/v2\/product_tag?post=531"}],"curies":[{"name":"wp","href":"https:\/\/api.w.org\/{rel}","templated":true}]}}